{"id":6,"date":"2024-06-08T23:33:29","date_gmt":"2024-06-08T21:33:29","guid":{"rendered":"http:\/\/karunakaran-kathesan.fr\/?page_id=6"},"modified":"2025-03-17T14:37:43","modified_gmt":"2025-03-17T13:37:43","slug":"test","status":"publish","type":"page","link":"https:\/\/karunakaran-kathesan.fr\/index.php\/test\/","title":{"rendered":"Curriculum vit\u00e6 &#8211; Kathesan"},"content":{"rendered":"\n<figure class=\"wp-block-image size-full\"><img decoding=\"async\" width=\"200\" height=\"200\" src=\"https:\/\/karunakaran-kathesan.fr\/wp-content\/uploads\/2025\/03\/1573079061777.jpg\" alt=\"\" class=\"wp-image-11\" srcset=\"https:\/\/karunakaran-kathesan.fr\/wp-content\/uploads\/2025\/03\/1573079061777.jpg 200w, https:\/\/karunakaran-kathesan.fr\/wp-content\/uploads\/2025\/03\/1573079061777-150x150.jpg 150w\" sizes=\"(max-width: 200px) 100vw, 200px\" \/><\/figure>\n\n\n\n<p>27 ans \u2013 16 Mai 1997<\/p>\n\n\n\n<p>Actuellement en mission chez Airbus Defence and Space (ADS) \u00e0 Lab\u00e8ge (31) pour Capgemini sur les composants du Segment Sol Image depuis septembre 2021.<\/p>\n\n\n\n<hr class=\"wp-block-separator has-alpha-channel-opacity\"\/>\n\n\n\n<h4 class=\"wp-block-heading\">Exp\u00e9riences<\/h4>\n\n\n\n<ul class=\"wp-block-list\">\n<li><strong>Capgemini<\/strong>, Toulouse (31000) &#8211; Ing\u00e9nieur Logiciels <strong>(CDI)<\/strong><\/li>\n<\/ul>\n\n\n\n<ul class=\"wp-block-list\">\n<li><strong>Capgemini<\/strong>, Toulouse (31000) &#8211; Ing\u00e9nieur d\u00e9veloppement logiciels <strong>(Alternance)<\/strong><\/li>\n<\/ul>\n\n\n\n<ul class=\"wp-block-list\">\n<li><strong>M\u00e9dicapteurs France<\/strong>, Toulouse (31000) &#8211; D\u00e9veloppeur applications Android <strong>(Stage)<\/strong><\/li>\n<\/ul>\n\n\n\n<ul class=\"wp-block-list\">\n<li><strong>Centre de Gestion du Tarn-et-Garonne<\/strong> (CDG82), Montauban (82000) &#8211; D\u00e9veloppeur WEB <strong>(Stage)<\/strong><\/li>\n<\/ul>\n\n\n\n<hr class=\"wp-block-separator has-alpha-channel-opacity\"\/>\n\n\n\n<h4 class=\"wp-block-heading\">Formations<\/h4>\n\n\n\n<p><strong>Institut Limayrac<\/strong>, Toulouse (31000) &#8211; <strong>Master<\/strong> Expert en Syst\u00e8mes d\u2019Information <strong>(ESI)<\/strong>, (2019-2021) sp\u00e9. D\u00e9veloppement<\/p>\n\n\n\n<p><strong>Institut Limayrac<\/strong>, Toulouse (31000) &#8211; <strong>BTS<\/strong> Syst\u00e8mes Num\u00e9riques <strong>(SN)<\/strong>, Informatique et R\u00e9seaux <strong>(IR)<\/strong>, (2016-2018) sp\u00e9. D\u00e9veloppement<\/p>\n\n\n\n<p><strong>Institut Limayrac<\/strong>, Toulouse (31000) &#8211; <strong>Bachelor <\/strong>Responsable de Projets Informatiques <strong>(RPI)<\/strong>, (2016-2018) sp\u00e9. D\u00e9veloppement (TBC)<\/p>\n\n\n\n<p><strong>Universit\u00e9 Paul Sabatier Toulouse III<\/strong>, Toulouse (31000) &#8211; <strong>DUT <\/strong>G\u00e9nie Electrique et Informatique Industrielle <strong>(GE2I)<\/strong>, (2015-2016)<\/p>\n\n\n\n<p><strong>Lyc\u00e9e Antoine Bourdelle<\/strong>, Montauban (82000) &#8211; <strong>Baccalaur\u00e9at <\/strong>Sciences et Technologies de l&#8217;Industrie et du D\u00e9veloppement Durable <strong>(STI2D)<\/strong>, sp\u00e9. Syst\u00e8mes d&#8217;Information et Num\u00e9rique <strong>(SIN)<\/strong>, (2012-2015)<\/p>\n\n\n\n<hr class=\"wp-block-separator has-alpha-channel-opacity\"\/>\n\n\n\n<h4 class=\"wp-block-heading\">Comp\u00e9tences<\/h4>\n\n\n\n<p><strong>Langage de d\u00e9veloppement<\/strong><br>Python<br>C\/C++<br>C#<br>JAVA<br>HTML\/CSS\/PHP<\/p>\n\n\n\n<p><strong>Environnement de d\u00e9veloppement<\/strong><br>Visual Studio<br>QtCreator<br>PyCharm<br>Eclipse<br>Unity3D<br>Shiva3D<br>Android Studio<\/p>\n\n\n\n<p><strong>Gestion de conf<\/strong><br>Git<\/p>\n\n\n\n<p><strong>Gestion de projet<\/strong><br>Agile<br>Scrum<br>SAFe<\/p>\n\n\n\n<p><strong>Autre<\/strong><br>Linux<br>Centos\/Ubuntu<br>Openstack<br>Docker<\/p>\n\n\n\n<p><strong>Mots cl\u00e9s<\/strong><br>D\u00e9veloppement<br>Int\u00e9gration<br>Validation<br>Tests<\/p>\n\n\n\n<hr class=\"wp-block-separator has-alpha-channel-opacity\"\/>\n\n\n\n<h4 class=\"wp-block-heading\">Coordonn\u00e9es<\/h4>\n\n\n\n<p>T\u00e9l\u00e9phone : 07-60-85-07-20<\/p>\n\n\n\n<p>E-mail : karunakaran.kathesan@gmail.com<\/p>\n\n\n\n<p>Profil Linkedin: www.linkedin.com\/in\/kathesan-karunakaran-28a6bb14b<\/p>\n\n\n\n<figure class=\"wp-block-image size-large is-resized\"><img fetchpriority=\"high\" decoding=\"async\" width=\"1024\" height=\"834\" src=\"https:\/\/karunakaran-kathesan.fr\/wp-content\/uploads\/2025\/03\/IMG_1737-1024x834.jpg\" alt=\"\" class=\"wp-image-16\" style=\"width:206px;height:auto\" srcset=\"https:\/\/karunakaran-kathesan.fr\/wp-content\/uploads\/2025\/03\/IMG_1737-1024x834.jpg 1024w, https:\/\/karunakaran-kathesan.fr\/wp-content\/uploads\/2025\/03\/IMG_1737-300x244.jpg 300w, https:\/\/karunakaran-kathesan.fr\/wp-content\/uploads\/2025\/03\/IMG_1737-768x626.jpg 768w, https:\/\/karunakaran-kathesan.fr\/wp-content\/uploads\/2025\/03\/IMG_1737.jpg 1188w\" sizes=\"(max-width: 1024px) 100vw, 1024px\" \/><\/figure>\n\n\n\n<p><\/p>\n\n\n\n<p><\/p>\n","protected":false},"excerpt":{"rendered":"<p>27 ans \u2013 16 Mai 1997 Actuellement en mission chez Airbus Defence and Space (ADS) \u00e0 Lab\u00e8ge (31) pour Capgemini sur les composants du Segment Sol Image depuis septembre 2021. Exp\u00e9riences Formations Institut Limayrac, Toulouse (31000) &#8211; Master Expert en Syst\u00e8mes d\u2019Information (ESI), (2019-2021) sp\u00e9. D\u00e9veloppement Institut Limayrac, Toulouse (31000) &#8211; BTS Syst\u00e8mes Num\u00e9riques (SN), [&hellip;]<\/p>\n","protected":false},"author":1,"featured_media":0,"parent":0,"menu_order":0,"comment_status":"closed","ping_status":"closed","template":"","meta":{"footnotes":""},"class_list":["post-6","page","type-page","status-publish","hentry"],"yoast_head":"<!-- This site is optimized with the Yoast SEO plugin v24.6 - https:\/\/yoast.com\/wordpress\/plugins\/seo\/ -->\n<title>Curriculum vit\u00e6 - Kathesan - Kathesan KARUNAKARAN<\/title>\n<meta name=\"robots\" content=\"index, follow, max-snippet:-1, max-image-preview:large, max-video-preview:-1\" \/>\n<link rel=\"canonical\" href=\"https:\/\/karunakaran-kathesan.fr\/index.php\/test\/\" \/>\n<meta property=\"og:locale\" content=\"en_US\" \/>\n<meta property=\"og:type\" content=\"article\" \/>\n<meta property=\"og:title\" content=\"Curriculum vit\u00e6 - Kathesan - Kathesan KARUNAKARAN\" \/>\n<meta property=\"og:description\" content=\"27 ans \u2013 16 Mai 1997 Actuellement en mission chez Airbus Defence and Space (ADS) \u00e0 Lab\u00e8ge (31) pour Capgemini sur les composants du Segment Sol Image depuis septembre 2021. Exp\u00e9riences Formations Institut Limayrac, Toulouse (31000) &#8211; Master Expert en Syst\u00e8mes d\u2019Information (ESI), (2019-2021) sp\u00e9. D\u00e9veloppement Institut Limayrac, Toulouse (31000) &#8211; BTS Syst\u00e8mes Num\u00e9riques (SN), [&hellip;]\" \/>\n<meta property=\"og:url\" content=\"https:\/\/karunakaran-kathesan.fr\/index.php\/test\/\" \/>\n<meta property=\"og:site_name\" content=\"Kathesan KARUNAKARAN\" \/>\n<meta property=\"article:modified_time\" content=\"2025-03-17T13:37:43+00:00\" \/>\n<meta property=\"og:image\" content=\"https:\/\/karunakaran-kathesan.fr\/wp-content\/uploads\/2025\/03\/1573079061777.jpg\" \/>\n\t<meta property=\"og:image:width\" content=\"200\" \/>\n\t<meta property=\"og:image:height\" content=\"200\" \/>\n\t<meta property=\"og:image:type\" content=\"image\/jpeg\" \/>\n<meta name=\"twitter:card\" content=\"summary_large_image\" \/>\n<meta name=\"twitter:label1\" content=\"Est. reading time\" \/>\n\t<meta name=\"twitter:data1\" content=\"1 minute\" \/>\n<script type=\"application\/ld+json\" class=\"yoast-schema-graph\">{\"@context\":\"https:\/\/schema.org\",\"@graph\":[{\"@type\":\"WebPage\",\"@id\":\"https:\/\/karunakaran-kathesan.fr\/index.php\/test\/\",\"url\":\"https:\/\/karunakaran-kathesan.fr\/index.php\/test\/\",\"name\":\"Curriculum vit\u00e6 - Kathesan - Kathesan KARUNAKARAN\",\"isPartOf\":{\"@id\":\"https:\/\/karunakaran-kathesan.fr\/#website\"},\"primaryImageOfPage\":{\"@id\":\"https:\/\/karunakaran-kathesan.fr\/index.php\/test\/#primaryimage\"},\"image\":{\"@id\":\"https:\/\/karunakaran-kathesan.fr\/index.php\/test\/#primaryimage\"},\"thumbnailUrl\":\"https:\/\/karunakaran-kathesan.fr\/wp-content\/uploads\/2025\/03\/1573079061777.jpg\",\"datePublished\":\"2024-06-08T21:33:29+00:00\",\"dateModified\":\"2025-03-17T13:37:43+00:00\",\"breadcrumb\":{\"@id\":\"https:\/\/karunakaran-kathesan.fr\/index.php\/test\/#breadcrumb\"},\"inLanguage\":\"en-US\",\"potentialAction\":[{\"@type\":\"ReadAction\",\"target\":[\"https:\/\/karunakaran-kathesan.fr\/index.php\/test\/\"]}]},{\"@type\":\"ImageObject\",\"inLanguage\":\"en-US\",\"@id\":\"https:\/\/karunakaran-kathesan.fr\/index.php\/test\/#primaryimage\",\"url\":\"https:\/\/karunakaran-kathesan.fr\/wp-content\/uploads\/2025\/03\/1573079061777.jpg\",\"contentUrl\":\"https:\/\/karunakaran-kathesan.fr\/wp-content\/uploads\/2025\/03\/1573079061777.jpg\",\"width\":200,\"height\":200,\"caption\":\"Photo de Kathesan KARUNAKARAN\"},{\"@type\":\"BreadcrumbList\",\"@id\":\"https:\/\/karunakaran-kathesan.fr\/index.php\/test\/#breadcrumb\",\"itemListElement\":[{\"@type\":\"ListItem\",\"position\":1,\"name\":\"Accueil\",\"item\":\"https:\/\/karunakaran-kathesan.fr\/\"},{\"@type\":\"ListItem\",\"position\":2,\"name\":\"Curriculum vit\u00e6 &#8211; Kathesan\"}]},{\"@type\":\"WebSite\",\"@id\":\"https:\/\/karunakaran-kathesan.fr\/#website\",\"url\":\"https:\/\/karunakaran-kathesan.fr\/\",\"name\":\"Kathesan KARUNAKARAN\",\"description\":\"Un site utilisant WordPress\",\"publisher\":{\"@id\":\"https:\/\/karunakaran-kathesan.fr\/#\/schema\/person\/db8f4f3c5d4827a1234433d9af77ac28\"},\"potentialAction\":[{\"@type\":\"SearchAction\",\"target\":{\"@type\":\"EntryPoint\",\"urlTemplate\":\"https:\/\/karunakaran-kathesan.fr\/?s={search_term_string}\"},\"query-input\":{\"@type\":\"PropertyValueSpecification\",\"valueRequired\":true,\"valueName\":\"search_term_string\"}}],\"inLanguage\":\"en-US\"},{\"@type\":[\"Person\",\"Organization\"],\"@id\":\"https:\/\/karunakaran-kathesan.fr\/#\/schema\/person\/db8f4f3c5d4827a1234433d9af77ac28\",\"name\":\"admin1233\",\"image\":{\"@type\":\"ImageObject\",\"inLanguage\":\"en-US\",\"@id\":\"https:\/\/karunakaran-kathesan.fr\/#\/schema\/person\/image\/\",\"url\":\"https:\/\/secure.gravatar.com\/avatar\/c7e428764f79138db385b7414074262c72f4be46107f57a7a54ce0c008885b61?s=96&d=mm&r=g\",\"contentUrl\":\"https:\/\/secure.gravatar.com\/avatar\/c7e428764f79138db385b7414074262c72f4be46107f57a7a54ce0c008885b61?s=96&d=mm&r=g\",\"caption\":\"admin1233\"},\"logo\":{\"@id\":\"https:\/\/karunakaran-kathesan.fr\/#\/schema\/person\/image\/\"},\"sameAs\":[\"http:\/\/karunakaran-kathesan.fr\",\"www.linkedin.com\/in\/kathesan-karunakaran-28a6bb14b\"]}]}<\/script>\n<!-- \/ Yoast SEO plugin. -->","yoast_head_json":{"title":"Curriculum vit\u00e6 - Kathesan - Kathesan KARUNAKARAN","robots":{"index":"index","follow":"follow","max-snippet":"max-snippet:-1","max-image-preview":"max-image-preview:large","max-video-preview":"max-video-preview:-1"},"canonical":"https:\/\/karunakaran-kathesan.fr\/index.php\/test\/","og_locale":"en_US","og_type":"article","og_title":"Curriculum vit\u00e6 - Kathesan - Kathesan KARUNAKARAN","og_description":"27 ans \u2013 16 Mai 1997 Actuellement en mission chez Airbus Defence and Space (ADS) \u00e0 Lab\u00e8ge (31) pour Capgemini sur les composants du Segment Sol Image depuis septembre 2021. Exp\u00e9riences Formations Institut Limayrac, Toulouse (31000) &#8211; Master Expert en Syst\u00e8mes d\u2019Information (ESI), (2019-2021) sp\u00e9. D\u00e9veloppement Institut Limayrac, Toulouse (31000) &#8211; BTS Syst\u00e8mes Num\u00e9riques (SN), [&hellip;]","og_url":"https:\/\/karunakaran-kathesan.fr\/index.php\/test\/","og_site_name":"Kathesan KARUNAKARAN","article_modified_time":"2025-03-17T13:37:43+00:00","og_image":[{"width":200,"height":200,"url":"https:\/\/karunakaran-kathesan.fr\/wp-content\/uploads\/2025\/03\/1573079061777.jpg","type":"image\/jpeg"}],"twitter_card":"summary_large_image","twitter_misc":{"Est. reading time":"1 minute"},"schema":{"@context":"https:\/\/schema.org","@graph":[{"@type":"WebPage","@id":"https:\/\/karunakaran-kathesan.fr\/index.php\/test\/","url":"https:\/\/karunakaran-kathesan.fr\/index.php\/test\/","name":"Curriculum vit\u00e6 - Kathesan - Kathesan KARUNAKARAN","isPartOf":{"@id":"https:\/\/karunakaran-kathesan.fr\/#website"},"primaryImageOfPage":{"@id":"https:\/\/karunakaran-kathesan.fr\/index.php\/test\/#primaryimage"},"image":{"@id":"https:\/\/karunakaran-kathesan.fr\/index.php\/test\/#primaryimage"},"thumbnailUrl":"https:\/\/karunakaran-kathesan.fr\/wp-content\/uploads\/2025\/03\/1573079061777.jpg","datePublished":"2024-06-08T21:33:29+00:00","dateModified":"2025-03-17T13:37:43+00:00","breadcrumb":{"@id":"https:\/\/karunakaran-kathesan.fr\/index.php\/test\/#breadcrumb"},"inLanguage":"en-US","potentialAction":[{"@type":"ReadAction","target":["https:\/\/karunakaran-kathesan.fr\/index.php\/test\/"]}]},{"@type":"ImageObject","inLanguage":"en-US","@id":"https:\/\/karunakaran-kathesan.fr\/index.php\/test\/#primaryimage","url":"https:\/\/karunakaran-kathesan.fr\/wp-content\/uploads\/2025\/03\/1573079061777.jpg","contentUrl":"https:\/\/karunakaran-kathesan.fr\/wp-content\/uploads\/2025\/03\/1573079061777.jpg","width":200,"height":200,"caption":"Photo de Kathesan KARUNAKARAN"},{"@type":"BreadcrumbList","@id":"https:\/\/karunakaran-kathesan.fr\/index.php\/test\/#breadcrumb","itemListElement":[{"@type":"ListItem","position":1,"name":"Accueil","item":"https:\/\/karunakaran-kathesan.fr\/"},{"@type":"ListItem","position":2,"name":"Curriculum vit\u00e6 &#8211; Kathesan"}]},{"@type":"WebSite","@id":"https:\/\/karunakaran-kathesan.fr\/#website","url":"https:\/\/karunakaran-kathesan.fr\/","name":"Kathesan KARUNAKARAN","description":"Un site utilisant WordPress","publisher":{"@id":"https:\/\/karunakaran-kathesan.fr\/#\/schema\/person\/db8f4f3c5d4827a1234433d9af77ac28"},"potentialAction":[{"@type":"SearchAction","target":{"@type":"EntryPoint","urlTemplate":"https:\/\/karunakaran-kathesan.fr\/?s={search_term_string}"},"query-input":{"@type":"PropertyValueSpecification","valueRequired":true,"valueName":"search_term_string"}}],"inLanguage":"en-US"},{"@type":["Person","Organization"],"@id":"https:\/\/karunakaran-kathesan.fr\/#\/schema\/person\/db8f4f3c5d4827a1234433d9af77ac28","name":"admin1233","image":{"@type":"ImageObject","inLanguage":"en-US","@id":"https:\/\/karunakaran-kathesan.fr\/#\/schema\/person\/image\/","url":"https:\/\/secure.gravatar.com\/avatar\/c7e428764f79138db385b7414074262c72f4be46107f57a7a54ce0c008885b61?s=96&d=mm&r=g","contentUrl":"https:\/\/secure.gravatar.com\/avatar\/c7e428764f79138db385b7414074262c72f4be46107f57a7a54ce0c008885b61?s=96&d=mm&r=g","caption":"admin1233"},"logo":{"@id":"https:\/\/karunakaran-kathesan.fr\/#\/schema\/person\/image\/"},"sameAs":["http:\/\/karunakaran-kathesan.fr","www.linkedin.com\/in\/kathesan-karunakaran-28a6bb14b"]}]}},"_links":{"self":[{"href":"https:\/\/karunakaran-kathesan.fr\/index.php\/wp-json\/wp\/v2\/pages\/6","targetHints":{"allow":["GET"]}}],"collection":[{"href":"https:\/\/karunakaran-kathesan.fr\/index.php\/wp-json\/wp\/v2\/pages"}],"about":[{"href":"https:\/\/karunakaran-kathesan.fr\/index.php\/wp-json\/wp\/v2\/types\/page"}],"author":[{"embeddable":true,"href":"https:\/\/karunakaran-kathesan.fr\/index.php\/wp-json\/wp\/v2\/users\/1"}],"replies":[{"embeddable":true,"href":"https:\/\/karunakaran-kathesan.fr\/index.php\/wp-json\/wp\/v2\/comments?post=6"}],"version-history":[{"count":7,"href":"https:\/\/karunakaran-kathesan.fr\/index.php\/wp-json\/wp\/v2\/pages\/6\/revisions"}],"predecessor-version":[{"id":27,"href":"https:\/\/karunakaran-kathesan.fr\/index.php\/wp-json\/wp\/v2\/pages\/6\/revisions\/27"}],"wp:attachment":[{"href":"https:\/\/karunakaran-kathesan.fr\/index.php\/wp-json\/wp\/v2\/media?parent=6"}],"curies":[{"name":"wp","href":"https:\/\/api.w.org\/{rel}","templated":true}]}}