{"id":86,"date":"2025-03-17T15:55:27","date_gmt":"2025-03-17T14:55:27","guid":{"rendered":"https:\/\/karunakaran-kathesan.fr\/?page_id=86"},"modified":"2025-03-17T17:04:07","modified_gmt":"2025-03-17T16:04:07","slug":"competences","status":"publish","type":"page","link":"https:\/\/karunakaran-kathesan.fr\/index.php\/competences\/","title":{"rendered":"Comp\u00e9tences"},"content":{"rendered":"\t\t<div data-elementor-type=\"wp-page\" data-elementor-id=\"86\" class=\"elementor elementor-86\">\n\t\t\t\t<div class=\"elementor-element elementor-element-58dac83 e-flex e-con-boxed e-con e-parent\" data-id=\"58dac83\" data-element_type=\"container\">\n\t\t\t\t\t<div class=\"e-con-inner\">\n\t\t\t\t<div class=\"elementor-element elementor-element-256a625 elementor-widget elementor-widget-text-editor\" data-id=\"256a625\" data-element_type=\"widget\" data-widget_type=\"text-editor.default\">\n\t\t\t\t<div class=\"elementor-widget-container\">\n\t\t\t\t\t\t\t\t\t<h4 style=\"margin-block: 1.5rem 0px; max-width: var(--wp--style--global--content-size); color: #000000; margin-left: auto !important; margin-right: auto !important;\"><strong style=\"font-family: -apple-system, BlinkMacSystemFont, 'Segoe UI', Roboto, Oxygen-Sans, Ubuntu, Cantarell, 'Helvetica Neue', sans-serif; text-align: var(--text-align); background-color: var(--wp--preset--color--background); font-size: var(--wp--preset--font-size--medium);\">Langage de d\u00e9veloppement<\/strong><\/h4><ul><li><span style=\"color: #000000; font-family: -apple-system, BlinkMacSystemFont, 'Segoe UI', Roboto, Oxygen-Sans, Ubuntu, Cantarell, 'Helvetica Neue', sans-serif;\">Python<\/span><\/li><li><span style=\"color: #000000; font-family: -apple-system, BlinkMacSystemFont, 'Segoe UI', Roboto, Oxygen-Sans, Ubuntu, Cantarell, 'Helvetica Neue', sans-serif;\">C\/C++<\/span><\/li><li><span style=\"color: #000000; font-family: -apple-system, BlinkMacSystemFont, 'Segoe UI', Roboto, Oxygen-Sans, Ubuntu, Cantarell, 'Helvetica Neue', sans-serif;\">C#<\/span><\/li><li><span style=\"color: #000000; font-family: -apple-system, BlinkMacSystemFont, 'Segoe UI', Roboto, Oxygen-Sans, Ubuntu, Cantarell, 'Helvetica Neue', sans-serif;\">JAVA<\/span><\/li><li><span style=\"color: #000000; font-family: -apple-system, BlinkMacSystemFont, 'Segoe UI', Roboto, Oxygen-Sans, Ubuntu, Cantarell, 'Helvetica Neue', sans-serif;\">HTML \/ CSS \/ PHP<\/span><\/li><\/ul>\t\t\t\t\t\t\t\t<\/div>\n\t\t\t\t<\/div>\n\t\t\t\t<div class=\"elementor-element elementor-element-65e918b elementor-widget-divider--view-line elementor-widget elementor-widget-divider\" data-id=\"65e918b\" data-element_type=\"widget\" data-widget_type=\"divider.default\">\n\t\t\t\t<div class=\"elementor-widget-container\">\n\t\t\t\t\t\t\t<div class=\"elementor-divider\">\n\t\t\t<span class=\"elementor-divider-separator\">\n\t\t\t\t\t\t<\/span>\n\t\t<\/div>\n\t\t\t\t\t\t<\/div>\n\t\t\t\t<\/div>\n\t\t\t\t<div class=\"elementor-element elementor-element-9ff5c07 elementor-widget elementor-widget-text-editor\" data-id=\"9ff5c07\" data-element_type=\"widget\" data-widget_type=\"text-editor.default\">\n\t\t\t\t<div class=\"elementor-widget-container\">\n\t\t\t\t\t\t\t\t\t<strong style=\"color: #000000; font-family: -apple-system, BlinkMacSystemFont, 'Segoe UI', Roboto, Oxygen-Sans, Ubuntu, Cantarell, 'Helvetica Neue', sans-serif;\">Environnement de d\u00e9veloppement<\/strong>\n<ul>\n \t<li><span style=\"color: #000000; font-family: -apple-system, BlinkMacSystemFont, 'Segoe UI', Roboto, Oxygen-Sans, Ubuntu, Cantarell, 'Helvetica Neue', sans-serif;\">Visual Studio<\/span><\/li>\n \t<li><span style=\"color: #000000; font-family: -apple-system, BlinkMacSystemFont, 'Segoe UI', Roboto, Oxygen-Sans, Ubuntu, Cantarell, 'Helvetica Neue', sans-serif;\">QtCreator<\/span><\/li>\n \t<li><span style=\"color: #000000; font-family: -apple-system, BlinkMacSystemFont, 'Segoe UI', Roboto, Oxygen-Sans, Ubuntu, Cantarell, 'Helvetica Neue', sans-serif;\">PyCharm<\/span><\/li>\n \t<li><span style=\"color: #000000; font-family: -apple-system, BlinkMacSystemFont, 'Segoe UI', Roboto, Oxygen-Sans, Ubuntu, Cantarell, 'Helvetica Neue', sans-serif;\">Eclipse<\/span><\/li>\n \t<li><span style=\"color: #000000; font-family: -apple-system, BlinkMacSystemFont, 'Segoe UI', Roboto, Oxygen-Sans, Ubuntu, Cantarell, 'Helvetica Neue', sans-serif;\">Unity3D<\/span><\/li>\n \t<li><span style=\"color: #000000; font-family: -apple-system, BlinkMacSystemFont, 'Segoe UI', Roboto, Oxygen-Sans, Ubuntu, Cantarell, 'Helvetica Neue', sans-serif;\">Shiva3D<\/span><\/li>\n \t<li><span style=\"color: #000000; font-family: -apple-system, BlinkMacSystemFont, 'Segoe UI', Roboto, Oxygen-Sans, Ubuntu, Cantarell, 'Helvetica Neue', sans-serif;\">Android Studio<\/span><\/li>\n<\/ul>\t\t\t\t\t\t\t\t<\/div>\n\t\t\t\t<\/div>\n\t\t\t\t<div class=\"elementor-element elementor-element-050bd6f elementor-widget-divider--view-line elementor-widget elementor-widget-divider\" data-id=\"050bd6f\" data-element_type=\"widget\" data-widget_type=\"divider.default\">\n\t\t\t\t<div class=\"elementor-widget-container\">\n\t\t\t\t\t\t\t<div class=\"elementor-divider\">\n\t\t\t<span class=\"elementor-divider-separator\">\n\t\t\t\t\t\t<\/span>\n\t\t<\/div>\n\t\t\t\t\t\t<\/div>\n\t\t\t\t<\/div>\n\t\t\t\t<div class=\"elementor-element elementor-element-c229d5f elementor-widget elementor-widget-text-editor\" data-id=\"c229d5f\" data-element_type=\"widget\" data-widget_type=\"text-editor.default\">\n\t\t\t\t<div class=\"elementor-widget-container\">\n\t\t\t\t\t\t\t\t\t<p><strong style=\"color: #000000; font-family: -apple-system, BlinkMacSystemFont, 'Segoe UI', Roboto, Oxygen-Sans, Ubuntu, Cantarell, 'Helvetica Neue', sans-serif;\">Gestion de conf<\/strong><\/p><ul><li><span style=\"color: #000000; font-family: -apple-system, BlinkMacSystemFont, 'Segoe UI', Roboto, Oxygen-Sans, Ubuntu, Cantarell, 'Helvetica Neue', sans-serif;\">Git<\/span><\/li><\/ul>\t\t\t\t\t\t\t\t<\/div>\n\t\t\t\t<\/div>\n\t\t\t\t<div class=\"elementor-element elementor-element-8e195d8 elementor-widget-divider--view-line elementor-widget elementor-widget-divider\" data-id=\"8e195d8\" data-element_type=\"widget\" data-widget_type=\"divider.default\">\n\t\t\t\t<div class=\"elementor-widget-container\">\n\t\t\t\t\t\t\t<div class=\"elementor-divider\">\n\t\t\t<span class=\"elementor-divider-separator\">\n\t\t\t\t\t\t<\/span>\n\t\t<\/div>\n\t\t\t\t\t\t<\/div>\n\t\t\t\t<\/div>\n\t\t\t\t<div class=\"elementor-element elementor-element-344184f elementor-widget elementor-widget-text-editor\" data-id=\"344184f\" data-element_type=\"widget\" data-widget_type=\"text-editor.default\">\n\t\t\t\t<div class=\"elementor-widget-container\">\n\t\t\t\t\t\t\t\t\t<p><strong style=\"color: #000000; font-family: -apple-system, BlinkMacSystemFont, 'Segoe UI', Roboto, Oxygen-Sans, Ubuntu, Cantarell, 'Helvetica Neue', sans-serif;\">Gestion de projet<\/strong><\/p><ul><li><span style=\"color: #000000; font-family: -apple-system, BlinkMacSystemFont, 'Segoe UI', Roboto, Oxygen-Sans, Ubuntu, Cantarell, 'Helvetica Neue', sans-serif;\">Agile<\/span><\/li><li><span style=\"color: #000000; font-family: -apple-system, BlinkMacSystemFont, 'Segoe UI', Roboto, Oxygen-Sans, Ubuntu, Cantarell, 'Helvetica Neue', sans-serif;\">Scrum<\/span><\/li><li><span style=\"color: #000000; font-family: -apple-system, BlinkMacSystemFont, 'Segoe UI', Roboto, Oxygen-Sans, Ubuntu, Cantarell, 'Helvetica Neue', sans-serif;\">SAFe<\/span><\/li><\/ul>\t\t\t\t\t\t\t\t<\/div>\n\t\t\t\t<\/div>\n\t\t\t\t<div class=\"elementor-element elementor-element-42963e5 elementor-widget-divider--view-line elementor-widget elementor-widget-divider\" data-id=\"42963e5\" data-element_type=\"widget\" data-widget_type=\"divider.default\">\n\t\t\t\t<div class=\"elementor-widget-container\">\n\t\t\t\t\t\t\t<div class=\"elementor-divider\">\n\t\t\t<span class=\"elementor-divider-separator\">\n\t\t\t\t\t\t<\/span>\n\t\t<\/div>\n\t\t\t\t\t\t<\/div>\n\t\t\t\t<\/div>\n\t\t\t\t<div class=\"elementor-element elementor-element-b087974 elementor-widget elementor-widget-text-editor\" data-id=\"b087974\" data-element_type=\"widget\" data-widget_type=\"text-editor.default\">\n\t\t\t\t<div class=\"elementor-widget-container\">\n\t\t\t\t\t\t\t\t\t<p><strong style=\"color: #000000; font-family: -apple-system, BlinkMacSystemFont, 'Segoe UI', Roboto, Oxygen-Sans, Ubuntu, Cantarell, 'Helvetica Neue', sans-serif;\">Autre<\/strong><\/p><ul><li><span style=\"color: #000000; font-family: -apple-system, BlinkMacSystemFont, 'Segoe UI', Roboto, Oxygen-Sans, Ubuntu, Cantarell, 'Helvetica Neue', sans-serif;\">Linux<\/span><\/li><li><span style=\"color: #000000; font-family: -apple-system, BlinkMacSystemFont, 'Segoe UI', Roboto, Oxygen-Sans, Ubuntu, Cantarell, 'Helvetica Neue', sans-serif;\">Windows<\/span><\/li><li><span style=\"color: #000000; font-family: -apple-system, BlinkMacSystemFont, 'Segoe UI', Roboto, Oxygen-Sans, Ubuntu, Cantarell, 'Helvetica Neue', sans-serif;\">Centos\/Ubuntu<\/span><\/li><li><span style=\"color: #000000; font-family: -apple-system, BlinkMacSystemFont, 'Segoe UI', Roboto, Oxygen-Sans, Ubuntu, Cantarell, 'Helvetica Neue', sans-serif;\">Openstack<\/span><\/li><li><span style=\"color: #000000; font-family: -apple-system, BlinkMacSystemFont, 'Segoe UI', Roboto, Oxygen-Sans, Ubuntu, Cantarell, 'Helvetica Neue', sans-serif;\">Docker<\/span><\/li><\/ul>\t\t\t\t\t\t\t\t<\/div>\n\t\t\t\t<\/div>\n\t\t\t\t<div class=\"elementor-element elementor-element-adbe85d elementor-widget-divider--view-line elementor-widget elementor-widget-divider\" data-id=\"adbe85d\" data-element_type=\"widget\" data-widget_type=\"divider.default\">\n\t\t\t\t<div class=\"elementor-widget-container\">\n\t\t\t\t\t\t\t<div class=\"elementor-divider\">\n\t\t\t<span class=\"elementor-divider-separator\">\n\t\t\t\t\t\t<\/span>\n\t\t<\/div>\n\t\t\t\t\t\t<\/div>\n\t\t\t\t<\/div>\n\t\t\t\t<div class=\"elementor-element elementor-element-9286b24 elementor-widget elementor-widget-text-editor\" data-id=\"9286b24\" data-element_type=\"widget\" data-widget_type=\"text-editor.default\">\n\t\t\t\t<div class=\"elementor-widget-container\">\n\t\t\t\t\t\t\t\t\t<p><strong style=\"color: #000000; font-family: -apple-system, BlinkMacSystemFont, 'Segoe UI', Roboto, Oxygen-Sans, Ubuntu, Cantarell, 'Helvetica Neue', sans-serif;\">Mots cl\u00e9s<\/strong><\/p><ul><li><span style=\"color: #000000; font-family: -apple-system, BlinkMacSystemFont, 'Segoe UI', Roboto, Oxygen-Sans, Ubuntu, Cantarell, 'Helvetica Neue', sans-serif;\">D\u00e9veloppement<\/span><\/li><li><span style=\"color: #000000; font-family: -apple-system, BlinkMacSystemFont, 'Segoe UI', Roboto, Oxygen-Sans, Ubuntu, Cantarell, 'Helvetica Neue', sans-serif;\">Int\u00e9gration<\/span><\/li><li><span style=\"color: #000000; font-family: -apple-system, BlinkMacSystemFont, 'Segoe UI', Roboto, Oxygen-Sans, Ubuntu, Cantarell, 'Helvetica Neue', sans-serif;\">Validation<\/span><\/li><li><span style=\"color: #000000; font-family: -apple-system, BlinkMacSystemFont, 'Segoe UI', Roboto, Oxygen-Sans, Ubuntu, Cantarell, 'Helvetica Neue', sans-serif;\">Tests<\/span><\/li><li><span style=\"color: #000000; font-family: -apple-system, BlinkMacSystemFont, 'Segoe UI', Roboto, Oxygen-Sans, Ubuntu, Cantarell, 'Helvetica Neue', sans-serif;\">D\u00e9ploiements<\/span><\/li><\/ul>\t\t\t\t\t\t\t\t<\/div>\n\t\t\t\t<\/div>\n\t\t\t\t\t<\/div>\n\t\t\t\t<\/div>\n\t\t\t\t<\/div>\n\t\t","protected":false},"excerpt":{"rendered":"<p>Langage de d\u00e9veloppement Python C\/C++ C# JAVA HTML \/ CSS \/ PHP Environnement de d\u00e9veloppement Visual Studio QtCreator PyCharm Eclipse Unity3D Shiva3D Android Studio Gestion de conf Git Gestion de projet Agile Scrum SAFe Autre Linux Windows Centos\/Ubuntu Openstack Docker Mots cl\u00e9s D\u00e9veloppement Int\u00e9gration Validation Tests D\u00e9ploiements<\/p>\n","protected":false},"author":1,"featured_media":0,"parent":0,"menu_order":0,"comment_status":"closed","ping_status":"closed","template":"","meta":{"footnotes":""},"class_list":["post-86","page","type-page","status-publish","hentry"],"yoast_head":"<!-- This site is optimized with the Yoast SEO plugin v24.6 - https:\/\/yoast.com\/wordpress\/plugins\/seo\/ -->\n<title>Comp\u00e9tences - Kathesan KARUNAKARAN<\/title>\n<meta name=\"robots\" content=\"index, follow, max-snippet:-1, max-image-preview:large, max-video-preview:-1\" \/>\n<link rel=\"canonical\" href=\"https:\/\/karunakaran-kathesan.fr\/index.php\/competences\/\" \/>\n<meta property=\"og:locale\" content=\"en_US\" \/>\n<meta property=\"og:type\" content=\"article\" \/>\n<meta property=\"og:title\" content=\"Comp\u00e9tences - Kathesan KARUNAKARAN\" \/>\n<meta property=\"og:description\" content=\"Langage de d\u00e9veloppement Python C\/C++ C# JAVA HTML \/ CSS \/ PHP Environnement de d\u00e9veloppement Visual Studio QtCreator PyCharm Eclipse Unity3D Shiva3D Android Studio Gestion de conf Git Gestion de projet Agile Scrum SAFe Autre Linux Windows Centos\/Ubuntu Openstack Docker Mots cl\u00e9s D\u00e9veloppement Int\u00e9gration Validation Tests D\u00e9ploiements\" \/>\n<meta property=\"og:url\" content=\"https:\/\/karunakaran-kathesan.fr\/index.php\/competences\/\" \/>\n<meta property=\"og:site_name\" content=\"Kathesan KARUNAKARAN\" \/>\n<meta property=\"article:modified_time\" content=\"2025-03-17T16:04:07+00:00\" \/>\n<meta name=\"twitter:card\" content=\"summary_large_image\" \/>\n<meta name=\"twitter:label1\" content=\"Est. reading time\" \/>\n\t<meta name=\"twitter:data1\" content=\"1 minute\" \/>\n<script type=\"application\/ld+json\" class=\"yoast-schema-graph\">{\"@context\":\"https:\/\/schema.org\",\"@graph\":[{\"@type\":\"WebPage\",\"@id\":\"https:\/\/karunakaran-kathesan.fr\/index.php\/competences\/\",\"url\":\"https:\/\/karunakaran-kathesan.fr\/index.php\/competences\/\",\"name\":\"Comp\u00e9tences - Kathesan KARUNAKARAN\",\"isPartOf\":{\"@id\":\"https:\/\/karunakaran-kathesan.fr\/#website\"},\"datePublished\":\"2025-03-17T14:55:27+00:00\",\"dateModified\":\"2025-03-17T16:04:07+00:00\",\"breadcrumb\":{\"@id\":\"https:\/\/karunakaran-kathesan.fr\/index.php\/competences\/#breadcrumb\"},\"inLanguage\":\"en-US\",\"potentialAction\":[{\"@type\":\"ReadAction\",\"target\":[\"https:\/\/karunakaran-kathesan.fr\/index.php\/competences\/\"]}]},{\"@type\":\"BreadcrumbList\",\"@id\":\"https:\/\/karunakaran-kathesan.fr\/index.php\/competences\/#breadcrumb\",\"itemListElement\":[{\"@type\":\"ListItem\",\"position\":1,\"name\":\"Accueil\",\"item\":\"https:\/\/karunakaran-kathesan.fr\/\"},{\"@type\":\"ListItem\",\"position\":2,\"name\":\"Comp\u00e9tences\"}]},{\"@type\":\"WebSite\",\"@id\":\"https:\/\/karunakaran-kathesan.fr\/#website\",\"url\":\"https:\/\/karunakaran-kathesan.fr\/\",\"name\":\"Kathesan KARUNAKARAN\",\"description\":\"Un site utilisant WordPress\",\"publisher\":{\"@id\":\"https:\/\/karunakaran-kathesan.fr\/#\/schema\/person\/db8f4f3c5d4827a1234433d9af77ac28\"},\"potentialAction\":[{\"@type\":\"SearchAction\",\"target\":{\"@type\":\"EntryPoint\",\"urlTemplate\":\"https:\/\/karunakaran-kathesan.fr\/?s={search_term_string}\"},\"query-input\":{\"@type\":\"PropertyValueSpecification\",\"valueRequired\":true,\"valueName\":\"search_term_string\"}}],\"inLanguage\":\"en-US\"},{\"@type\":[\"Person\",\"Organization\"],\"@id\":\"https:\/\/karunakaran-kathesan.fr\/#\/schema\/person\/db8f4f3c5d4827a1234433d9af77ac28\",\"name\":\"admin1233\",\"image\":{\"@type\":\"ImageObject\",\"inLanguage\":\"en-US\",\"@id\":\"https:\/\/karunakaran-kathesan.fr\/#\/schema\/person\/image\/\",\"url\":\"https:\/\/secure.gravatar.com\/avatar\/c7e428764f79138db385b7414074262c72f4be46107f57a7a54ce0c008885b61?s=96&d=mm&r=g\",\"contentUrl\":\"https:\/\/secure.gravatar.com\/avatar\/c7e428764f79138db385b7414074262c72f4be46107f57a7a54ce0c008885b61?s=96&d=mm&r=g\",\"caption\":\"admin1233\"},\"logo\":{\"@id\":\"https:\/\/karunakaran-kathesan.fr\/#\/schema\/person\/image\/\"},\"sameAs\":[\"http:\/\/karunakaran-kathesan.fr\",\"www.linkedin.com\/in\/kathesan-karunakaran-28a6bb14b\"]}]}<\/script>\n<!-- \/ Yoast SEO plugin. -->","yoast_head_json":{"title":"Comp\u00e9tences - Kathesan KARUNAKARAN","robots":{"index":"index","follow":"follow","max-snippet":"max-snippet:-1","max-image-preview":"max-image-preview:large","max-video-preview":"max-video-preview:-1"},"canonical":"https:\/\/karunakaran-kathesan.fr\/index.php\/competences\/","og_locale":"en_US","og_type":"article","og_title":"Comp\u00e9tences - Kathesan KARUNAKARAN","og_description":"Langage de d\u00e9veloppement Python C\/C++ C# JAVA HTML \/ CSS \/ PHP Environnement de d\u00e9veloppement Visual Studio QtCreator PyCharm Eclipse Unity3D Shiva3D Android Studio Gestion de conf Git Gestion de projet Agile Scrum SAFe Autre Linux Windows Centos\/Ubuntu Openstack Docker Mots cl\u00e9s D\u00e9veloppement Int\u00e9gration Validation Tests D\u00e9ploiements","og_url":"https:\/\/karunakaran-kathesan.fr\/index.php\/competences\/","og_site_name":"Kathesan KARUNAKARAN","article_modified_time":"2025-03-17T16:04:07+00:00","twitter_card":"summary_large_image","twitter_misc":{"Est. reading time":"1 minute"},"schema":{"@context":"https:\/\/schema.org","@graph":[{"@type":"WebPage","@id":"https:\/\/karunakaran-kathesan.fr\/index.php\/competences\/","url":"https:\/\/karunakaran-kathesan.fr\/index.php\/competences\/","name":"Comp\u00e9tences - Kathesan KARUNAKARAN","isPartOf":{"@id":"https:\/\/karunakaran-kathesan.fr\/#website"},"datePublished":"2025-03-17T14:55:27+00:00","dateModified":"2025-03-17T16:04:07+00:00","breadcrumb":{"@id":"https:\/\/karunakaran-kathesan.fr\/index.php\/competences\/#breadcrumb"},"inLanguage":"en-US","potentialAction":[{"@type":"ReadAction","target":["https:\/\/karunakaran-kathesan.fr\/index.php\/competences\/"]}]},{"@type":"BreadcrumbList","@id":"https:\/\/karunakaran-kathesan.fr\/index.php\/competences\/#breadcrumb","itemListElement":[{"@type":"ListItem","position":1,"name":"Accueil","item":"https:\/\/karunakaran-kathesan.fr\/"},{"@type":"ListItem","position":2,"name":"Comp\u00e9tences"}]},{"@type":"WebSite","@id":"https:\/\/karunakaran-kathesan.fr\/#website","url":"https:\/\/karunakaran-kathesan.fr\/","name":"Kathesan KARUNAKARAN","description":"Un site utilisant WordPress","publisher":{"@id":"https:\/\/karunakaran-kathesan.fr\/#\/schema\/person\/db8f4f3c5d4827a1234433d9af77ac28"},"potentialAction":[{"@type":"SearchAction","target":{"@type":"EntryPoint","urlTemplate":"https:\/\/karunakaran-kathesan.fr\/?s={search_term_string}"},"query-input":{"@type":"PropertyValueSpecification","valueRequired":true,"valueName":"search_term_string"}}],"inLanguage":"en-US"},{"@type":["Person","Organization"],"@id":"https:\/\/karunakaran-kathesan.fr\/#\/schema\/person\/db8f4f3c5d4827a1234433d9af77ac28","name":"admin1233","image":{"@type":"ImageObject","inLanguage":"en-US","@id":"https:\/\/karunakaran-kathesan.fr\/#\/schema\/person\/image\/","url":"https:\/\/secure.gravatar.com\/avatar\/c7e428764f79138db385b7414074262c72f4be46107f57a7a54ce0c008885b61?s=96&d=mm&r=g","contentUrl":"https:\/\/secure.gravatar.com\/avatar\/c7e428764f79138db385b7414074262c72f4be46107f57a7a54ce0c008885b61?s=96&d=mm&r=g","caption":"admin1233"},"logo":{"@id":"https:\/\/karunakaran-kathesan.fr\/#\/schema\/person\/image\/"},"sameAs":["http:\/\/karunakaran-kathesan.fr","www.linkedin.com\/in\/kathesan-karunakaran-28a6bb14b"]}]}},"_links":{"self":[{"href":"https:\/\/karunakaran-kathesan.fr\/index.php\/wp-json\/wp\/v2\/pages\/86","targetHints":{"allow":["GET"]}}],"collection":[{"href":"https:\/\/karunakaran-kathesan.fr\/index.php\/wp-json\/wp\/v2\/pages"}],"about":[{"href":"https:\/\/karunakaran-kathesan.fr\/index.php\/wp-json\/wp\/v2\/types\/page"}],"author":[{"embeddable":true,"href":"https:\/\/karunakaran-kathesan.fr\/index.php\/wp-json\/wp\/v2\/users\/1"}],"replies":[{"embeddable":true,"href":"https:\/\/karunakaran-kathesan.fr\/index.php\/wp-json\/wp\/v2\/comments?post=86"}],"version-history":[{"count":10,"href":"https:\/\/karunakaran-kathesan.fr\/index.php\/wp-json\/wp\/v2\/pages\/86\/revisions"}],"predecessor-version":[{"id":120,"href":"https:\/\/karunakaran-kathesan.fr\/index.php\/wp-json\/wp\/v2\/pages\/86\/revisions\/120"}],"wp:attachment":[{"href":"https:\/\/karunakaran-kathesan.fr\/index.php\/wp-json\/wp\/v2\/media?parent=86"}],"curies":[{"name":"wp","href":"https:\/\/api.w.org\/{rel}","templated":true}]}}